{"id":7878,"date":"2021-10-13T21:49:31","date_gmt":"2021-10-13T21:49:31","guid":{"rendered":"https:\/\/orangefiber.it\/collaborations\/"},"modified":"2023-04-18T10:07:02","modified_gmt":"2023-04-18T10:07:02","slug":"collaborazioni","status":"publish","type":"page","link":"https:\/\/orangefiber.it\/it\/collaborations\/","title":{"rendered":"Collaborazioni"},"content":{"rendered":"\t\t<div data-elementor-type=\"wp-page\" data-elementor-id=\"7878\" class=\"elementor elementor-7878 elementor-5337\" data-elementor-settings=\"[]\">\n\t\t\t\t\t\t\t<div class=\"elementor-section-wrap\">\n\t\t\t\t\t\t\t<section class=\"elementor-section elementor-top-section elementor-element elementor-element-9378fdd elementor-section-full_width qodef-elementor-content-grid elementor-section-height-default elementor-section-height-default\" data-id=\"9378fdd\" data-element_type=\"section\">\n\t\t\t\t\t\t<div class=\"elementor-container elementor-column-gap-default\">\n\t\t\t\t\t<div class=\"elementor-column elementor-col-50 elementor-top-column elementor-element elementor-element-72bf46d\" data-id=\"72bf46d\" data-element_type=\"column\">\n\t\t\t<div class=\"elementor-widget-wrap elementor-element-populated\">\n\t\t\t\t\t\t\t\t<div class=\"elementor-element elementor-element-96b201e elementor-widget elementor-widget-makao_core_section_title\" data-id=\"96b201e\" data-element_type=\"widget\" data-widget_type=\"makao_core_section_title.default\">\n\t\t\t\t<div class=\"elementor-widget-container\">\n\t\t\t<div class=\"qodef-shortcode qodef-m  qodef-section-title qodef-alignment--left  \">\n    \t\t<h2 class=\"qodef-m-title\" >\n\t\t\t\t\tPerch\u00e9 Collaborare Con Noi?\t\t\t<\/h2>\n    \t<p class=\"qodef-m-text\" style=\"line-height: 24px;font-size: 16px\">Produciamo tessuti e filati di qualit\u00e0 capaci di coniugare innovazione e sostenibilit\u00e0 grazie ad una filiera Made in Italy ed importanti partner industriali a livello internazionale. Dai pi\u00f9 leggeri ai pi\u00f9 strutturati, siamo in grado di creare tessuti adatti a soddisfare le diverse esigenze di creazione dei brand di moda e di design attenti all\u2019impatto ambientale, comunicando in modo trasparente il nostro impegno attraverso etichette e campagne di co-branding dedicate.<\/p>\n    <\/div>\t\t<\/div>\n\t\t\t\t<\/div>\n\t\t\t\t\t<\/div>\n\t\t<\/div>\n\t\t\t\t<div class=\"elementor-column elementor-col-50 elementor-top-column elementor-element elementor-element-2e65089\" data-id=\"2e65089\" data-element_type=\"column\">\n\t\t\t<div class=\"elementor-widget-wrap elementor-element-populated\">\n\t\t\t\t\t\t\t\t<div class=\"elementor-element elementor-element-789e688 elementor-widget elementor-widget-image\" data-id=\"789e688\" data-element_type=\"widget\" data-widget_type=\"image.default\">\n\t\t\t\t<div class=\"elementor-widget-container\">\n\t\t\t\t\t\t\t\t\t\t\t\t\t\t\t<img loading=\"lazy\" decoding=\"async\" width=\"1100\" height=\"733\" src=\"https:\/\/orangefiber.it\/wp-content\/uploads\/2021\/08\/why-collab-w_us.jpg\" class=\"attachment-full size-full\" alt=\"\" srcset=\"https:\/\/orangefiber.it\/wp-content\/uploads\/2021\/08\/why-collab-w_us.jpg 1100w, https:\/\/orangefiber.it\/wp-content\/uploads\/2021\/08\/why-collab-w_us-300x200.jpg 300w, https:\/\/orangefiber.it\/wp-content\/uploads\/2021\/08\/why-collab-w_us-1024x682.jpg 1024w, https:\/\/orangefiber.it\/wp-content\/uploads\/2021\/08\/why-collab-w_us-768x512.jpg 768w\" sizes=\"auto, (max-width: 1100px) 100vw, 1100px\" \/>\t\t\t\t\t\t\t\t\t\t\t\t\t\t\t<\/div>\n\t\t\t\t<\/div>\n\t\t\t\t\t<\/div>\n\t\t<\/div>\n\t\t\t\t\t\t\t<\/div>\n\t\t<\/section>\n\t\t\t\t<section class=\"elementor-section elementor-top-section elementor-element elementor-element-81cd398 elementor-section-boxed elementor-section-height-default elementor-section-height-default qodef-elementor-content-no\" data-id=\"81cd398\" data-element_type=\"section\">\n\t\t\t\t\t\t<div class=\"elementor-container elementor-column-gap-default\">\n\t\t\t\t\t<div class=\"elementor-column elementor-col-100 elementor-top-column elementor-element elementor-element-ba21532\" data-id=\"ba21532\" data-element_type=\"column\">\n\t\t\t<div class=\"elementor-widget-wrap elementor-element-populated\">\n\t\t\t\t\t\t\t\t<div class=\"elementor-element elementor-element-9b96d14 elementor-widget elementor-widget-makao_core_section_title\" data-id=\"9b96d14\" data-element_type=\"widget\" data-widget_type=\"makao_core_section_title.default\">\n\t\t\t\t<div class=\"elementor-widget-container\">\n\t\t\t<div class=\"qodef-shortcode qodef-m  qodef-section-title qodef-alignment--center  \">\n    \t\t<h2 class=\"qodef-m-title\" >\n\t\t\t\t\tCome Collaborare Con Noi?\t\t\t<\/h2>\n    \t<p class=\"qodef-m-text\" >Vuoi usare i nostri tessuti circolari dalle arance per le tue collezioni? Hai un progetto speciale di moda o design che vuoi sviluppare con noi? Contattaci e saremo felici di creare insieme prodotti originali, sostenibili e di qualit\u00e0.<\/p>\n        <div class=\"qodef-e-st-button\">\n        <a class=\"qodef-shortcode qodef-m  qodef-button qodef-layout--outlined  qodef-html--link \" href=\"https:\/\/orangefiber.it\/it\/contact\/\" target=\"_self\"  style=\"border: 1px solid \">\t<span class=\"qodef-m-text\">CONTATTACI<\/span><\/a>    <\/div>\n<\/div>\t\t<\/div>\n\t\t\t\t<\/div>\n\t\t\t\t<div class=\"elementor-element elementor-element-5bb253f elementor-widget elementor-widget-makao_core_section_title\" data-id=\"5bb253f\" data-element_type=\"widget\" data-widget_type=\"makao_core_section_title.default\">\n\t\t\t\t<div class=\"elementor-widget-container\">\n\t\t\t<div class=\"qodef-shortcode qodef-m  qodef-section-title qodef-alignment--center  \">\n    \t    \t<p class=\"qodef-m-text\" >Moda, design, arte e molto di pi\u00f9. Esplora i progetti che abbiamo gi\u00e0 realizzato.<\/p>\n    <\/div>\t\t<\/div>\n\t\t\t\t<\/div>\n\t\t\t\t\t<\/div>\n\t\t<\/div>\n\t\t\t\t\t\t\t<\/div>\n\t\t<\/section>\n\t\t\t\t<section class=\"elementor-section elementor-top-section elementor-element elementor-element-7b99358 elementor-section-boxed elementor-section-height-default elementor-section-height-default qodef-elementor-content-no\" data-id=\"7b99358\" data-element_type=\"section\">\n\t\t\t\t\t\t<div class=\"elementor-container elementor-column-gap-default\">\n\t\t\t\t\t<div class=\"elementor-column elementor-col-33 elementor-top-column elementor-element elementor-element-3e4cd4d\" data-id=\"3e4cd4d\" data-element_type=\"column\">\n\t\t\t<div class=\"elementor-widget-wrap elementor-element-populated\">\n\t\t\t\t\t\t\t\t<div class=\"elementor-element elementor-element-7ea942e elementor-widget elementor-widget-makao_core_image_with_text\" data-id=\"7ea942e\" data-element_type=\"widget\" data-widget_type=\"makao_core_image_with_text.default\">\n\t\t\t\t<div class=\"elementor-widget-container\">\n\t\t\t<div class=\"qodef-shortcode qodef-m  qodef-image-with-text qodef-layout--text-over-image qodef-image-action--custom-link \">\n\t<div class=\"qodef-m-image-holder\">\n\t\t<div class=\"qodef-m-image\">\n    \t\t\t<a itemprop=\"url\" href=\"https:\/\/orangefiber.it\/it\/brands\/\" target=\"_self\">\n\t\t\t<img loading=\"lazy\" decoding=\"async\" width=\"512\" height=\"512\" src=\"https:\/\/orangefiber.it\/wp-content\/uploads\/2021\/07\/orange-fiber-ferragamo-dknd.jpg\" class=\"attachment-full size-full\" alt=\"\" srcset=\"https:\/\/orangefiber.it\/wp-content\/uploads\/2021\/07\/orange-fiber-ferragamo-dknd.jpg 512w, https:\/\/orangefiber.it\/wp-content\/uploads\/2021\/07\/orange-fiber-ferragamo-dknd-300x300.jpg 300w, https:\/\/orangefiber.it\/wp-content\/uploads\/2021\/07\/orange-fiber-ferragamo-dknd-150x150.jpg 150w\" sizes=\"auto, (max-width: 512px) 100vw, 512px\" \/>\t\t\t<\/a>\n\t    <\/div>\t\t<div class=\"qodef-m-content\">\n\t\t\t\t<h2 class=\"qodef-m-title\" >\n\t\t\t\t\t<a itemprop=\"url\" href=\"https:\/\/orangefiber.it\/it\/brands\/\" target=\"_self\">\n\t\t\t\t\tBRANDS\t\t\t\t\t<\/a>\n\t\t\t<\/h2>\n\t\t\t\t\t<\/div>\n\t<\/div>\n<\/div>\t\t<\/div>\n\t\t\t\t<\/div>\n\t\t\t\t\t<\/div>\n\t\t<\/div>\n\t\t\t\t<div class=\"elementor-column elementor-col-33 elementor-top-column elementor-element elementor-element-6644204\" data-id=\"6644204\" data-element_type=\"column\">\n\t\t\t<div class=\"elementor-widget-wrap elementor-element-populated\">\n\t\t\t\t\t\t\t\t<div class=\"elementor-element elementor-element-28863f1 elementor-widget elementor-widget-makao_core_image_with_text\" data-id=\"28863f1\" data-element_type=\"widget\" data-widget_type=\"makao_core_image_with_text.default\">\n\t\t\t\t<div class=\"elementor-widget-container\">\n\t\t\t<div class=\"qodef-shortcode qodef-m  qodef-image-with-text qodef-layout--text-over-image qodef-image-action--custom-link \">\n\t<div class=\"qodef-m-image-holder\">\n\t\t<div class=\"qodef-m-image\">\n    \t\t\t<a itemprop=\"url\" href=\"https:\/\/orangefiber.it\/it\/special-projects\/\" target=\"_self\">\n\t\t\t<img loading=\"lazy\" decoding=\"async\" width=\"512\" height=\"512\" src=\"https:\/\/orangefiber.it\/wp-content\/uploads\/2021\/07\/special-projects-tec.jpg\" class=\"attachment-full size-full\" alt=\"\" srcset=\"https:\/\/orangefiber.it\/wp-content\/uploads\/2021\/07\/special-projects-tec.jpg 512w, https:\/\/orangefiber.it\/wp-content\/uploads\/2021\/07\/special-projects-tec-300x300.jpg 300w, https:\/\/orangefiber.it\/wp-content\/uploads\/2021\/07\/special-projects-tec-150x150.jpg 150w\" sizes=\"auto, (max-width: 512px) 100vw, 512px\" \/>\t\t\t<\/a>\n\t    <\/div>\t\t<div class=\"qodef-m-content\">\n\t\t\t\t<h2 class=\"qodef-m-title\" >\n\t\t\t\t\t<a itemprop=\"url\" href=\"https:\/\/orangefiber.it\/it\/special-projects\/\" target=\"_self\">\n\t\t\t\t\tPROGETTI SPECIALI\t\t\t\t\t<\/a>\n\t\t\t<\/h2>\n\t\t\t\t\t<\/div>\n\t<\/div>\n<\/div>\t\t<\/div>\n\t\t\t\t<\/div>\n\t\t\t\t\t<\/div>\n\t\t<\/div>\n\t\t\t\t<div class=\"elementor-column elementor-col-33 elementor-top-column elementor-element elementor-element-6ac40c6\" data-id=\"6ac40c6\" data-element_type=\"column\">\n\t\t\t<div class=\"elementor-widget-wrap elementor-element-populated\">\n\t\t\t\t\t\t\t\t<div class=\"elementor-element elementor-element-b9777a0 elementor-widget elementor-widget-makao_core_image_with_text\" data-id=\"b9777a0\" data-element_type=\"widget\" data-widget_type=\"makao_core_image_with_text.default\">\n\t\t\t\t<div class=\"elementor-widget-container\">\n\t\t\t<div class=\"qodef-shortcode qodef-m  qodef-image-with-text qodef-layout--text-over-image qodef-image-action--custom-link \">\n\t<div class=\"qodef-m-image-holder\">\n\t\t<div class=\"qodef-m-image\">\n    \t\t\t<a itemprop=\"url\" href=\"https:\/\/orangefiber.it\/it\/exhibitions\/\" target=\"_self\">\n\t\t\t<img loading=\"lazy\" decoding=\"async\" width=\"512\" height=\"512\" src=\"https:\/\/orangefiber.it\/wp-content\/uploads\/2021\/07\/exhibitions.jpg\" class=\"attachment-full size-full\" alt=\"\" srcset=\"https:\/\/orangefiber.it\/wp-content\/uploads\/2021\/07\/exhibitions.jpg 512w, https:\/\/orangefiber.it\/wp-content\/uploads\/2021\/07\/exhibitions-300x300.jpg 300w, https:\/\/orangefiber.it\/wp-content\/uploads\/2021\/07\/exhibitions-150x150.jpg 150w\" sizes=\"auto, (max-width: 512px) 100vw, 512px\" \/>\t\t\t<\/a>\n\t    <\/div>\t\t<div class=\"qodef-m-content\">\n\t\t\t\t<h2 class=\"qodef-m-title\" style=\"color: #FFF7F7\">\n\t\t\t\t\t<a itemprop=\"url\" href=\"https:\/\/orangefiber.it\/it\/exhibitions\/\" target=\"_self\">\n\t\t\t\t\tMOSTRE\t\t\t\t\t<\/a>\n\t\t\t<\/h2>\n\t\t\t\t\t<\/div>\n\t<\/div>\n<\/div>\t\t<\/div>\n\t\t\t\t<\/div>\n\t\t\t\t\t<\/div>\n\t\t<\/div>\n\t\t\t\t\t\t\t<\/div>\n\t\t<\/section>\n\t\t\t\t\t\t<\/div>\n\t\t\t\t\t<\/div>\n\t\t","protected":false},"excerpt":{"rendered":"<p>Perch\u00e9 Collaborare Con Noi? Produciamo tessuti e filati di qualit\u00e0 capaci di coniugare innovazione e sostenibilit\u00e0 grazie ad una filiera Made in Italy ed importanti partner industriali a livello internazionale. Dai pi\u00f9 leggeri ai pi\u00f9 strutturati, siamo in grado di creare tessuti adatti a soddisfare le diverse esigenze di creazione dei brand di moda e [&hellip;]<\/p>\n","protected":false},"author":2,"featured_media":0,"parent":0,"menu_order":0,"comment_status":"closed","ping_status":"closed","template":"page-full-width.php","meta":{"footnotes":""},"class_list":["post-7878","page","type-page","status-publish","hentry"],"acf":[],"yoast_head":"<!-- This site is optimized with the Yoast SEO plugin v17.5 - https:\/\/yoast.com\/wordpress\/plugins\/seo\/ -->\n<title>Collaborazioni &bull; Orange Fiber<\/title>\n<meta name=\"robots\" content=\"index, follow, max-snippet:-1, max-image-preview:large, max-video-preview:-1\" \/>\n<link rel=\"canonical\" href=\"https:\/\/orangefiber.it\/it\/collaborations\/\" \/>\n<meta property=\"og:locale\" content=\"it_IT\" \/>\n<meta property=\"og:type\" content=\"article\" \/>\n<meta property=\"og:title\" content=\"Collaborazioni &bull; Orange Fiber\" \/>\n<meta property=\"og:description\" content=\"Perch\u00e9 Collaborare Con Noi? Produciamo tessuti e filati di qualit\u00e0 capaci di coniugare innovazione e sostenibilit\u00e0 grazie ad una filiera Made in Italy ed importanti partner industriali a livello internazionale. Dai pi\u00f9 leggeri ai pi\u00f9 strutturati, siamo in grado di creare tessuti adatti a soddisfare le diverse esigenze di creazione dei brand di moda e [&hellip;]\" \/>\n<meta property=\"og:url\" content=\"https:\/\/orangefiber.it\/it\/collaborations\/\" \/>\n<meta property=\"og:site_name\" content=\"Orange Fiber\" \/>\n<meta property=\"article:modified_time\" content=\"2023-04-18T10:07:02+00:00\" \/>\n<meta property=\"og:image\" content=\"https:\/\/orangefiber.it\/wp-content\/uploads\/2021\/08\/why-collab-w_us.jpg\" \/>\n<meta name=\"twitter:card\" content=\"summary_large_image\" \/>\n<meta name=\"twitter:label1\" content=\"Tempo di lettura stimato\" \/>\n\t<meta name=\"twitter:data1\" content=\"2 minuti\" \/>\n<script type=\"application\/ld+json\" class=\"yoast-schema-graph\">{\"@context\":\"https:\/\/schema.org\",\"@graph\":[{\"@type\":\"Organization\",\"@id\":\"https:\/\/orangefiber.it\/#organization\",\"name\":\"Orange Fiber\",\"url\":\"https:\/\/orangefiber.it\/\",\"sameAs\":[],\"logo\":{\"@type\":\"ImageObject\",\"@id\":\"https:\/\/orangefiber.it\/#logo\",\"inLanguage\":\"it-IT\",\"url\":\"https:\/\/orangefiber.it\/wp-content\/uploads\/2021\/05\/OF_logo-vertical-sliding.png\",\"contentUrl\":\"https:\/\/orangefiber.it\/wp-content\/uploads\/2021\/05\/OF_logo-vertical-sliding.png\",\"width\":86,\"height\":86,\"caption\":\"Orange Fiber\"},\"image\":{\"@id\":\"https:\/\/orangefiber.it\/#logo\"}},{\"@type\":\"WebSite\",\"@id\":\"https:\/\/orangefiber.it\/#website\",\"url\":\"https:\/\/orangefiber.it\/\",\"name\":\"Orange Fiber\",\"description\":\"Sustainable fabrics from oranges\",\"publisher\":{\"@id\":\"https:\/\/orangefiber.it\/#organization\"},\"potentialAction\":[{\"@type\":\"SearchAction\",\"target\":{\"@type\":\"EntryPoint\",\"urlTemplate\":\"https:\/\/orangefiber.it\/?s={search_term_string}\"},\"query-input\":\"required name=search_term_string\"}],\"inLanguage\":\"it-IT\"},{\"@type\":\"ImageObject\",\"@id\":\"https:\/\/orangefiber.it\/it\/collaborations\/#primaryimage\",\"inLanguage\":\"it-IT\",\"url\":\"https:\/\/orangefiber.it\/wp-content\/uploads\/2021\/08\/why-collab-w_us.jpg\",\"contentUrl\":\"https:\/\/orangefiber.it\/wp-content\/uploads\/2021\/08\/why-collab-w_us.jpg\",\"width\":1100,\"height\":733},{\"@type\":\"WebPage\",\"@id\":\"https:\/\/orangefiber.it\/it\/collaborations\/#webpage\",\"url\":\"https:\/\/orangefiber.it\/it\/collaborations\/\",\"name\":\"Collaborazioni &bull; Orange Fiber\",\"isPartOf\":{\"@id\":\"https:\/\/orangefiber.it\/#website\"},\"primaryImageOfPage\":{\"@id\":\"https:\/\/orangefiber.it\/it\/collaborations\/#primaryimage\"},\"datePublished\":\"2021-10-13T21:49:31+00:00\",\"dateModified\":\"2023-04-18T10:07:02+00:00\",\"breadcrumb\":{\"@id\":\"https:\/\/orangefiber.it\/it\/collaborations\/#breadcrumb\"},\"inLanguage\":\"it-IT\",\"potentialAction\":[{\"@type\":\"ReadAction\",\"target\":[\"https:\/\/orangefiber.it\/it\/collaborations\/\"]}]},{\"@type\":\"BreadcrumbList\",\"@id\":\"https:\/\/orangefiber.it\/it\/collaborations\/#breadcrumb\",\"itemListElement\":[{\"@type\":\"ListItem\",\"position\":1,\"name\":\"Home\",\"item\":\"https:\/\/orangefiber.it\/it\/\"},{\"@type\":\"ListItem\",\"position\":2,\"name\":\"Collaborazioni\"}]}]}<\/script>\n<!-- \/ Yoast SEO plugin. -->","yoast_head_json":{"title":"Collaborazioni &bull; Orange Fiber","robots":{"index":"index","follow":"follow","max-snippet":"max-snippet:-1","max-image-preview":"max-image-preview:large","max-video-preview":"max-video-preview:-1"},"canonical":"https:\/\/orangefiber.it\/it\/collaborations\/","og_locale":"it_IT","og_type":"article","og_title":"Collaborazioni &bull; Orange Fiber","og_description":"Perch\u00e9 Collaborare Con Noi? Produciamo tessuti e filati di qualit\u00e0 capaci di coniugare innovazione e sostenibilit\u00e0 grazie ad una filiera Made in Italy ed importanti partner industriali a livello internazionale. Dai pi\u00f9 leggeri ai pi\u00f9 strutturati, siamo in grado di creare tessuti adatti a soddisfare le diverse esigenze di creazione dei brand di moda e [&hellip;]","og_url":"https:\/\/orangefiber.it\/it\/collaborations\/","og_site_name":"Orange Fiber","article_modified_time":"2023-04-18T10:07:02+00:00","og_image":[{"url":"https:\/\/orangefiber.it\/wp-content\/uploads\/2021\/08\/why-collab-w_us.jpg"}],"twitter_card":"summary_large_image","twitter_misc":{"Tempo di lettura stimato":"2 minuti"},"schema":{"@context":"https:\/\/schema.org","@graph":[{"@type":"Organization","@id":"https:\/\/orangefiber.it\/#organization","name":"Orange Fiber","url":"https:\/\/orangefiber.it\/","sameAs":[],"logo":{"@type":"ImageObject","@id":"https:\/\/orangefiber.it\/#logo","inLanguage":"it-IT","url":"https:\/\/orangefiber.it\/wp-content\/uploads\/2021\/05\/OF_logo-vertical-sliding.png","contentUrl":"https:\/\/orangefiber.it\/wp-content\/uploads\/2021\/05\/OF_logo-vertical-sliding.png","width":86,"height":86,"caption":"Orange Fiber"},"image":{"@id":"https:\/\/orangefiber.it\/#logo"}},{"@type":"WebSite","@id":"https:\/\/orangefiber.it\/#website","url":"https:\/\/orangefiber.it\/","name":"Orange Fiber","description":"Sustainable fabrics from oranges","publisher":{"@id":"https:\/\/orangefiber.it\/#organization"},"potentialAction":[{"@type":"SearchAction","target":{"@type":"EntryPoint","urlTemplate":"https:\/\/orangefiber.it\/?s={search_term_string}"},"query-input":"required name=search_term_string"}],"inLanguage":"it-IT"},{"@type":"ImageObject","@id":"https:\/\/orangefiber.it\/it\/collaborations\/#primaryimage","inLanguage":"it-IT","url":"https:\/\/orangefiber.it\/wp-content\/uploads\/2021\/08\/why-collab-w_us.jpg","contentUrl":"https:\/\/orangefiber.it\/wp-content\/uploads\/2021\/08\/why-collab-w_us.jpg","width":1100,"height":733},{"@type":"WebPage","@id":"https:\/\/orangefiber.it\/it\/collaborations\/#webpage","url":"https:\/\/orangefiber.it\/it\/collaborations\/","name":"Collaborazioni &bull; Orange Fiber","isPartOf":{"@id":"https:\/\/orangefiber.it\/#website"},"primaryImageOfPage":{"@id":"https:\/\/orangefiber.it\/it\/collaborations\/#primaryimage"},"datePublished":"2021-10-13T21:49:31+00:00","dateModified":"2023-04-18T10:07:02+00:00","breadcrumb":{"@id":"https:\/\/orangefiber.it\/it\/collaborations\/#breadcrumb"},"inLanguage":"it-IT","potentialAction":[{"@type":"ReadAction","target":["https:\/\/orangefiber.it\/it\/collaborations\/"]}]},{"@type":"BreadcrumbList","@id":"https:\/\/orangefiber.it\/it\/collaborations\/#breadcrumb","itemListElement":[{"@type":"ListItem","position":1,"name":"Home","item":"https:\/\/orangefiber.it\/it\/"},{"@type":"ListItem","position":2,"name":"Collaborazioni"}]}]}},"_links":{"self":[{"href":"https:\/\/orangefiber.it\/it\/wp-json\/wp\/v2\/pages\/7878","targetHints":{"allow":["GET"]}}],"collection":[{"href":"https:\/\/orangefiber.it\/it\/wp-json\/wp\/v2\/pages"}],"about":[{"href":"https:\/\/orangefiber.it\/it\/wp-json\/wp\/v2\/types\/page"}],"author":[{"embeddable":true,"href":"https:\/\/orangefiber.it\/it\/wp-json\/wp\/v2\/users\/2"}],"replies":[{"embeddable":true,"href":"https:\/\/orangefiber.it\/it\/wp-json\/wp\/v2\/comments?post=7878"}],"version-history":[{"count":33,"href":"https:\/\/orangefiber.it\/it\/wp-json\/wp\/v2\/pages\/7878\/revisions"}],"predecessor-version":[{"id":10899,"href":"https:\/\/orangefiber.it\/it\/wp-json\/wp\/v2\/pages\/7878\/revisions\/10899"}],"wp:attachment":[{"href":"https:\/\/orangefiber.it\/it\/wp-json\/wp\/v2\/media?parent=7878"}],"curies":[{"name":"wp","href":"https:\/\/api.w.org\/{rel}","templated":true}]}}