{"id":8389,"date":"2021-11-10T11:29:35","date_gmt":"2021-11-10T11:29:35","guid":{"rendered":"https:\/\/orangefiber.it\/tecla-3d-printed-house\/"},"modified":"2021-11-21T13:54:08","modified_gmt":"2021-11-21T13:54:08","slug":"tecla-3d-printed-house","status":"publish","type":"page","link":"https:\/\/orangefiber.it\/it\/tecla-3d-printed-house\/","title":{"rendered":"TECLA 3D Printed House"},"content":{"rendered":"\t\t<div data-elementor-type=\"wp-page\" data-elementor-id=\"8389\" class=\"elementor elementor-8389 elementor-5389\" data-elementor-settings=\"[]\">\n\t\t\t\t\t\t\t<div class=\"elementor-section-wrap\">\n\t\t\t\t\t\t\t<section class=\"elementor-section elementor-top-section elementor-element elementor-element-3d1f810 elementor-section-boxed elementor-section-height-default elementor-section-height-default qodef-elementor-content-no\" data-id=\"3d1f810\" data-element_type=\"section\">\n\t\t\t\t\t\t<div class=\"elementor-container elementor-column-gap-default\">\n\t\t\t\t\t<div class=\"elementor-column elementor-col-16 elementor-top-column elementor-element elementor-element-14b6325\" data-id=\"14b6325\" data-element_type=\"column\">\n\t\t\t<div class=\"elementor-widget-wrap\">\n\t\t\t\t\t\t\t\t\t<\/div>\n\t\t<\/div>\n\t\t\t\t<div class=\"elementor-column elementor-col-66 elementor-top-column elementor-element elementor-element-7262f4b\" data-id=\"7262f4b\" data-element_type=\"column\">\n\t\t\t<div class=\"elementor-widget-wrap elementor-element-populated\">\n\t\t\t\t\t\t\t\t<div class=\"elementor-element elementor-element-7ff43a9 elementor-widget elementor-widget-text-editor\" data-id=\"7ff43a9\" data-element_type=\"widget\" data-widget_type=\"text-editor.default\">\n\t\t\t\t<div class=\"elementor-widget-container\">\n\t\t\t\t\t\t\t\t<h3>\u00a0<\/h3><p>\u00a0<\/p><h3>Orange Fiber &amp; TECLA 3D House 2021<\/h3><p>Dal connubio tra architettura empatica, nuove tecnologie e sostenibilit\u00e0 nasce TECLA \u2013 Technology and Clay, il primo modello innovativo di abitazione ecosostenibile stampato interamente in 3D in terra cruda, creato da Mario Cucinella Architects e WASP a Massa Lombarda (Ravenna). TECLA \u00e8 un innovativo modello circolare di abitazione in cui confluiscono le ricerche sulle pratiche costruttive vernacolari, lo studio del clima e dei principi bioclimatici, l\u2019uso di materiali naturali e locali. \u00c8 un progetto a emissioni quasi zero, il suo involucro e l\u2019utilizzo di un materiale totalmente locale ha permesso di ridurre sprechi e scarti. Questo e l\u2019uso della terra cruda fanno di TECLA un esempio pionieristico di abitazione a basse emissioni di carbonio. In totale accordo e armonia con la visione e gli obiettivi alla base del progetto, \u00e8 stato scelto il tessuto popeline Orange Fiber per creare i cuscini e il rivestimento del materasso della zona notte di TECLA. Per esaltare l\u2019essenza materica dell\u2019habitat, il tessuto da agrumi \u00e8 stato impiegato in due varianti colore: bianco naturale e ruggine. Questa esclusiva colorazione \u00e8 stata ottenuta tingendo il tessuto con tintura naturale di radice di robbia ed \u00e8 stata realizzata presso la Tint. Iride da Stefano Panconesi, maestro tintore da quattro generazioni e punto di riferimento per i grandi nomi della moda italiana come Gucci e Salvatore Ferragamo, per il quale ha reinterpretato in chiave green l\u2019iconico sandalo Rainbow, esposto al MOMA di NY e al Museo Ferragamo di Firenze. I prodotti tessili in Orange Fiber rispecchiano a pieno la filosofia circolare della casa, integrandosi con la costruzione e con gli altri elementi di arredo stampati in 3D in terra cruda estratta in loco o realizzati a partire da materiale di recupero.<\/p><p><strong>Foto \u00a9 Iago Corazza 2021<\/strong><\/p>\t\t\t\t\t\t<\/div>\n\t\t\t\t<\/div>\n\t\t\t\t\t<\/div>\n\t\t<\/div>\n\t\t\t\t<div class=\"elementor-column elementor-col-16 elementor-top-column elementor-element elementor-element-41211a4\" data-id=\"41211a4\" data-element_type=\"column\">\n\t\t\t<div class=\"elementor-widget-wrap\">\n\t\t\t\t\t\t\t\t\t<\/div>\n\t\t<\/div>\n\t\t\t\t\t\t\t<\/div>\n\t\t<\/section>\n\t\t\t\t<section class=\"elementor-section elementor-top-section elementor-element elementor-element-3fb5f20 elementor-section-boxed elementor-section-height-default elementor-section-height-default qodef-elementor-content-no\" data-id=\"3fb5f20\" data-element_type=\"section\">\n\t\t\t\t\t\t<div class=\"elementor-container elementor-column-gap-default\">\n\t\t\t\t\t<div class=\"elementor-column elementor-col-100 elementor-top-column elementor-element elementor-element-9411bba\" data-id=\"9411bba\" data-element_type=\"column\">\n\t\t\t<div class=\"elementor-widget-wrap elementor-element-populated\">\n\t\t\t\t\t\t\t\t<div class=\"elementor-element elementor-element-cc6c62c elementor-widget elementor-widget-makao_core_image_gallery\" data-id=\"cc6c62c\" data-element_type=\"widget\" data-widget_type=\"makao_core_image_gallery.default\">\n\t\t\t\t<div class=\"elementor-widget-container\">\n\t\t\t<div class=\"qodef-shortcode qodef-m  qodef-image-gallery  qodef-grid qodef-layout--masonry  qodef-gutter--normal qodef-col-num--2  qodef-responsive--predefined\">\n    <div class=\"qodef-grid-inner clear\">\n\t\t\t<div class=\"qodef-grid-masonry-sizer\"><\/div>\n\t<div class=\"qodef-grid-masonry-gutter\"><\/div>\n<div class=\"qodef-e qodef-image-wrapper qodef-grid-item\">\n    <div class=\"qodef-e-inner\">\n                    <img loading=\"lazy\" decoding=\"async\" width=\"810\" height=\"1266\" src=\"https:\/\/orangefiber.it\/wp-content\/uploads\/2021\/07\/tecla_800x1250.jpg\" class=\"attachment-full size-full\" alt=\"\" srcset=\"https:\/\/orangefiber.it\/wp-content\/uploads\/2021\/07\/tecla_800x1250.jpg 810w, https:\/\/orangefiber.it\/wp-content\/uploads\/2021\/07\/tecla_800x1250-192x300.jpg 192w, https:\/\/orangefiber.it\/wp-content\/uploads\/2021\/07\/tecla_800x1250-655x1024.jpg 655w, https:\/\/orangefiber.it\/wp-content\/uploads\/2021\/07\/tecla_800x1250-768x1200.jpg 768w\" sizes=\"auto, (max-width: 810px) 100vw, 810px\" \/>            <\/div>\n<\/div><div class=\"qodef-e qodef-image-wrapper qodef-grid-item\">\n    <div class=\"qodef-e-inner\">\n                    <img loading=\"lazy\" decoding=\"async\" width=\"1610\" height=\"1212\" src=\"https:\/\/orangefiber.it\/wp-content\/uploads\/2021\/07\/tecla2_800x602.jpg\" class=\"attachment-full size-full\" alt=\"\" srcset=\"https:\/\/orangefiber.it\/wp-content\/uploads\/2021\/07\/tecla2_800x602.jpg 1610w, https:\/\/orangefiber.it\/wp-content\/uploads\/2021\/07\/tecla2_800x602-300x226.jpg 300w, https:\/\/orangefiber.it\/wp-content\/uploads\/2021\/07\/tecla2_800x602-1024x771.jpg 1024w, https:\/\/orangefiber.it\/wp-content\/uploads\/2021\/07\/tecla2_800x602-768x578.jpg 768w, https:\/\/orangefiber.it\/wp-content\/uploads\/2021\/07\/tecla2_800x602-1536x1156.jpg 1536w\" sizes=\"auto, (max-width: 1610px) 100vw, 1610px\" \/>            <\/div>\n<\/div><div class=\"qodef-e qodef-image-wrapper qodef-grid-item\">\n    <div class=\"qodef-e-inner\">\n                    <img loading=\"lazy\" decoding=\"async\" width=\"1682\" height=\"1266\" src=\"https:\/\/orangefiber.it\/wp-content\/uploads\/2021\/07\/tecla_800x602.jpg\" class=\"attachment-full size-full\" alt=\"\" srcset=\"https:\/\/orangefiber.it\/wp-content\/uploads\/2021\/07\/tecla_800x602.jpg 1682w, https:\/\/orangefiber.it\/wp-content\/uploads\/2021\/07\/tecla_800x602-300x226.jpg 300w, https:\/\/orangefiber.it\/wp-content\/uploads\/2021\/07\/tecla_800x602-1024x771.jpg 1024w, https:\/\/orangefiber.it\/wp-content\/uploads\/2021\/07\/tecla_800x602-768x578.jpg 768w, https:\/\/orangefiber.it\/wp-content\/uploads\/2021\/07\/tecla_800x602-1536x1156.jpg 1536w\" sizes=\"auto, (max-width: 1682px) 100vw, 1682px\" \/>            <\/div>\n<\/div>    <\/div>\n<\/div>\t\t<\/div>\n\t\t\t\t<\/div>\n\t\t\t\t\t<\/div>\n\t\t<\/div>\n\t\t\t\t\t\t\t<\/div>\n\t\t<\/section>\n\t\t\t\t\t\t<\/div>\n\t\t\t\t\t<\/div>\n\t\t","protected":false},"excerpt":{"rendered":"<p>\u00a0 \u00a0 Orange Fiber &amp; TECLA 3D House 2021 Dal connubio tra architettura empatica, nuove tecnologie e sostenibilit\u00e0 nasce TECLA \u2013 Technology and Clay, il primo modello innovativo di abitazione ecosostenibile stampato interamente in 3D in terra cruda, creato da Mario Cucinella Architects e WASP a Massa Lombarda (Ravenna). TECLA \u00e8 un innovativo modello circolare [&hellip;]<\/p>\n","protected":false},"author":2,"featured_media":0,"parent":0,"menu_order":0,"comment_status":"closed","ping_status":"closed","template":"","meta":{"footnotes":""},"class_list":["post-8389","page","type-page","status-publish","hentry"],"acf":[],"yoast_head":"<!-- This site is optimized with the Yoast SEO plugin v17.5 - https:\/\/yoast.com\/wordpress\/plugins\/seo\/ -->\n<title>TECLA 3D Printed House &bull; Orange Fiber<\/title>\n<meta name=\"robots\" content=\"index, follow, max-snippet:-1, max-image-preview:large, max-video-preview:-1\" \/>\n<link rel=\"canonical\" href=\"https:\/\/orangefiber.it\/it\/tecla-3d-printed-house\/\" \/>\n<meta property=\"og:locale\" content=\"it_IT\" \/>\n<meta property=\"og:type\" content=\"article\" \/>\n<meta property=\"og:title\" content=\"TECLA 3D Printed House &bull; Orange Fiber\" \/>\n<meta property=\"og:description\" content=\"\u00a0 \u00a0 Orange Fiber &amp; TECLA 3D House 2021 Dal connubio tra architettura empatica, nuove tecnologie e sostenibilit\u00e0 nasce TECLA \u2013 Technology and Clay, il primo modello innovativo di abitazione ecosostenibile stampato interamente in 3D in terra cruda, creato da Mario Cucinella Architects e WASP a Massa Lombarda (Ravenna). TECLA \u00e8 un innovativo modello circolare [&hellip;]\" \/>\n<meta property=\"og:url\" content=\"https:\/\/orangefiber.it\/it\/tecla-3d-printed-house\/\" \/>\n<meta property=\"og:site_name\" content=\"Orange Fiber\" \/>\n<meta property=\"article:modified_time\" content=\"2021-11-21T13:54:08+00:00\" \/>\n<meta property=\"og:image\" content=\"https:\/\/orangefiber.it\/wp-content\/uploads\/2021\/07\/tecla_800x1250.jpg\" \/>\n<meta name=\"twitter:card\" content=\"summary_large_image\" \/>\n<meta name=\"twitter:label1\" content=\"Tempo di lettura stimato\" \/>\n\t<meta name=\"twitter:data1\" content=\"2 minuti\" \/>\n<script type=\"application\/ld+json\" class=\"yoast-schema-graph\">{\"@context\":\"https:\/\/schema.org\",\"@graph\":[{\"@type\":\"Organization\",\"@id\":\"https:\/\/orangefiber.it\/#organization\",\"name\":\"Orange Fiber\",\"url\":\"https:\/\/orangefiber.it\/\",\"sameAs\":[],\"logo\":{\"@type\":\"ImageObject\",\"@id\":\"https:\/\/orangefiber.it\/#logo\",\"inLanguage\":\"it-IT\",\"url\":\"https:\/\/orangefiber.it\/wp-content\/uploads\/2021\/05\/OF_logo-vertical-sliding.png\",\"contentUrl\":\"https:\/\/orangefiber.it\/wp-content\/uploads\/2021\/05\/OF_logo-vertical-sliding.png\",\"width\":86,\"height\":86,\"caption\":\"Orange Fiber\"},\"image\":{\"@id\":\"https:\/\/orangefiber.it\/#logo\"}},{\"@type\":\"WebSite\",\"@id\":\"https:\/\/orangefiber.it\/#website\",\"url\":\"https:\/\/orangefiber.it\/\",\"name\":\"Orange Fiber\",\"description\":\"Sustainable fabrics from oranges\",\"publisher\":{\"@id\":\"https:\/\/orangefiber.it\/#organization\"},\"potentialAction\":[{\"@type\":\"SearchAction\",\"target\":{\"@type\":\"EntryPoint\",\"urlTemplate\":\"https:\/\/orangefiber.it\/?s={search_term_string}\"},\"query-input\":\"required name=search_term_string\"}],\"inLanguage\":\"it-IT\"},{\"@type\":\"ImageObject\",\"@id\":\"https:\/\/orangefiber.it\/it\/tecla-3d-printed-house\/#primaryimage\",\"inLanguage\":\"it-IT\",\"url\":\"https:\/\/orangefiber.it\/wp-content\/uploads\/2021\/07\/tecla_800x1250.jpg\",\"contentUrl\":\"https:\/\/orangefiber.it\/wp-content\/uploads\/2021\/07\/tecla_800x1250.jpg\",\"width\":810,\"height\":1266},{\"@type\":\"WebPage\",\"@id\":\"https:\/\/orangefiber.it\/it\/tecla-3d-printed-house\/#webpage\",\"url\":\"https:\/\/orangefiber.it\/it\/tecla-3d-printed-house\/\",\"name\":\"TECLA 3D Printed House &bull; Orange Fiber\",\"isPartOf\":{\"@id\":\"https:\/\/orangefiber.it\/#website\"},\"primaryImageOfPage\":{\"@id\":\"https:\/\/orangefiber.it\/it\/tecla-3d-printed-house\/#primaryimage\"},\"datePublished\":\"2021-11-10T11:29:35+00:00\",\"dateModified\":\"2021-11-21T13:54:08+00:00\",\"breadcrumb\":{\"@id\":\"https:\/\/orangefiber.it\/it\/tecla-3d-printed-house\/#breadcrumb\"},\"inLanguage\":\"it-IT\",\"potentialAction\":[{\"@type\":\"ReadAction\",\"target\":[\"https:\/\/orangefiber.it\/it\/tecla-3d-printed-house\/\"]}]},{\"@type\":\"BreadcrumbList\",\"@id\":\"https:\/\/orangefiber.it\/it\/tecla-3d-printed-house\/#breadcrumb\",\"itemListElement\":[{\"@type\":\"ListItem\",\"position\":1,\"name\":\"Home\",\"item\":\"https:\/\/orangefiber.it\/it\/\"},{\"@type\":\"ListItem\",\"position\":2,\"name\":\"TECLA 3D Printed House\"}]}]}<\/script>\n<!-- \/ Yoast SEO plugin. -->","yoast_head_json":{"title":"TECLA 3D Printed House &bull; Orange Fiber","robots":{"index":"index","follow":"follow","max-snippet":"max-snippet:-1","max-image-preview":"max-image-preview:large","max-video-preview":"max-video-preview:-1"},"canonical":"https:\/\/orangefiber.it\/it\/tecla-3d-printed-house\/","og_locale":"it_IT","og_type":"article","og_title":"TECLA 3D Printed House &bull; Orange Fiber","og_description":"\u00a0 \u00a0 Orange Fiber &amp; TECLA 3D House 2021 Dal connubio tra architettura empatica, nuove tecnologie e sostenibilit\u00e0 nasce TECLA \u2013 Technology and Clay, il primo modello innovativo di abitazione ecosostenibile stampato interamente in 3D in terra cruda, creato da Mario Cucinella Architects e WASP a Massa Lombarda (Ravenna). TECLA \u00e8 un innovativo modello circolare [&hellip;]","og_url":"https:\/\/orangefiber.it\/it\/tecla-3d-printed-house\/","og_site_name":"Orange Fiber","article_modified_time":"2021-11-21T13:54:08+00:00","og_image":[{"url":"https:\/\/orangefiber.it\/wp-content\/uploads\/2021\/07\/tecla_800x1250.jpg"}],"twitter_card":"summary_large_image","twitter_misc":{"Tempo di lettura stimato":"2 minuti"},"schema":{"@context":"https:\/\/schema.org","@graph":[{"@type":"Organization","@id":"https:\/\/orangefiber.it\/#organization","name":"Orange Fiber","url":"https:\/\/orangefiber.it\/","sameAs":[],"logo":{"@type":"ImageObject","@id":"https:\/\/orangefiber.it\/#logo","inLanguage":"it-IT","url":"https:\/\/orangefiber.it\/wp-content\/uploads\/2021\/05\/OF_logo-vertical-sliding.png","contentUrl":"https:\/\/orangefiber.it\/wp-content\/uploads\/2021\/05\/OF_logo-vertical-sliding.png","width":86,"height":86,"caption":"Orange Fiber"},"image":{"@id":"https:\/\/orangefiber.it\/#logo"}},{"@type":"WebSite","@id":"https:\/\/orangefiber.it\/#website","url":"https:\/\/orangefiber.it\/","name":"Orange Fiber","description":"Sustainable fabrics from oranges","publisher":{"@id":"https:\/\/orangefiber.it\/#organization"},"potentialAction":[{"@type":"SearchAction","target":{"@type":"EntryPoint","urlTemplate":"https:\/\/orangefiber.it\/?s={search_term_string}"},"query-input":"required name=search_term_string"}],"inLanguage":"it-IT"},{"@type":"ImageObject","@id":"https:\/\/orangefiber.it\/it\/tecla-3d-printed-house\/#primaryimage","inLanguage":"it-IT","url":"https:\/\/orangefiber.it\/wp-content\/uploads\/2021\/07\/tecla_800x1250.jpg","contentUrl":"https:\/\/orangefiber.it\/wp-content\/uploads\/2021\/07\/tecla_800x1250.jpg","width":810,"height":1266},{"@type":"WebPage","@id":"https:\/\/orangefiber.it\/it\/tecla-3d-printed-house\/#webpage","url":"https:\/\/orangefiber.it\/it\/tecla-3d-printed-house\/","name":"TECLA 3D Printed House &bull; Orange Fiber","isPartOf":{"@id":"https:\/\/orangefiber.it\/#website"},"primaryImageOfPage":{"@id":"https:\/\/orangefiber.it\/it\/tecla-3d-printed-house\/#primaryimage"},"datePublished":"2021-11-10T11:29:35+00:00","dateModified":"2021-11-21T13:54:08+00:00","breadcrumb":{"@id":"https:\/\/orangefiber.it\/it\/tecla-3d-printed-house\/#breadcrumb"},"inLanguage":"it-IT","potentialAction":[{"@type":"ReadAction","target":["https:\/\/orangefiber.it\/it\/tecla-3d-printed-house\/"]}]},{"@type":"BreadcrumbList","@id":"https:\/\/orangefiber.it\/it\/tecla-3d-printed-house\/#breadcrumb","itemListElement":[{"@type":"ListItem","position":1,"name":"Home","item":"https:\/\/orangefiber.it\/it\/"},{"@type":"ListItem","position":2,"name":"TECLA 3D Printed House"}]}]}},"_links":{"self":[{"href":"https:\/\/orangefiber.it\/it\/wp-json\/wp\/v2\/pages\/8389","targetHints":{"allow":["GET"]}}],"collection":[{"href":"https:\/\/orangefiber.it\/it\/wp-json\/wp\/v2\/pages"}],"about":[{"href":"https:\/\/orangefiber.it\/it\/wp-json\/wp\/v2\/types\/page"}],"author":[{"embeddable":true,"href":"https:\/\/orangefiber.it\/it\/wp-json\/wp\/v2\/users\/2"}],"replies":[{"embeddable":true,"href":"https:\/\/orangefiber.it\/it\/wp-json\/wp\/v2\/comments?post=8389"}],"version-history":[{"count":10,"href":"https:\/\/orangefiber.it\/it\/wp-json\/wp\/v2\/pages\/8389\/revisions"}],"predecessor-version":[{"id":9217,"href":"https:\/\/orangefiber.it\/it\/wp-json\/wp\/v2\/pages\/8389\/revisions\/9217"}],"wp:attachment":[{"href":"https:\/\/orangefiber.it\/it\/wp-json\/wp\/v2\/media?parent=8389"}],"curies":[{"name":"wp","href":"https:\/\/api.w.org\/{rel}","templated":true}]}}